{"id":209,"date":"2019-05-21T22:18:09","date_gmt":"2019-05-21T20:18:09","guid":{"rendered":"http:\/\/wanderclub-hauset.be\/?page_id=209"},"modified":"2019-06-27T15:57:19","modified_gmt":"2019-06-27T13:57:19","slug":"lage","status":"publish","type":"page","link":"http:\/\/wanderclub-hauset.be\/fr\/lage\/","title":{"rendered":"Lieu"},"content":{"rendered":"\n<p class=\"has-regular-font-size\">Le  village de Hauset fait partie de le commune de Raeren et de la partie  germanophone de Belgique, situ\u00e9 entre Eupen et Aix-la-Chapelle (D) et  compte +\/-1700 habitants.<br>Est \u00e9galement consid\u00e9r\u00e9 par beaucoup de promeneurs comme le village le \u00abplus pittoresque\u00bb de la r\u00e9gion frontali\u00e8re  <\/p>\n\n\n<p><div class=\"leaflet-map WPLeafletMap\" style=\"height:450px; width:100%;\"><\/div><script>\nwindow.WPLeafletMapPlugin = window.WPLeafletMapPlugin || [];\nwindow.WPLeafletMapPlugin.push(function WPLeafletMapShortcode() {\/*<script>*\/\nvar baseUrl = atob('aHR0cHM6Ly97c30udGlsZS5vcGVuc3RyZWV0bWFwLm9yZy97en0ve3h9L3t5fS5wbmc=');\nvar base = (!baseUrl && window.MQ) ?\n    window.MQ.mapLayer() : L.tileLayer(baseUrl,\n        L.Util.extend({}, {\n            detectRetina: 0,\n        },\n        {\"subdomains\":\"abc\",\"noWrap\":false,\"maxZoom\":20}        )\n    );\n    var options = L.Util.extend({}, {\n        layers: [base],\n        attributionControl: false\n    },\n    {\"zoomControl\":true,\"scrollWheelZoom\":false,\"doubleClickZoom\":false,\"fitBounds\":false,\"minZoom\":0,\"maxZoom\":20,\"maxBounds\":null,\"attribution\":\"<a href=\\\"http:\\\/\\\/leafletjs.com\\\" title=\\\"Eine Javascript-Bibliothek f\\u00fcr interaktive Karten\\\">Leaflet<\\\/a>; \\\\r\\\\n\\u00a9 <a href=\\\"http:\\\/\\\/www.openstreetmap.org\\\/copyright\\\">OpenStreetMap<\\\/a> Mitwirkende\"},\n    {});\nwindow.WPLeafletMapPlugin.createMap(options).setView([50.7379647666,6.06874465942],12);});<\/script><br \/>\n<script>\nwindow.WPLeafletMapPlugin = window.WPLeafletMapPlugin || [];\nwindow.WPLeafletMapPlugin.push(function WPLeafletMarkerShortcode() {\/*<script>*\/\nvar map = window.WPLeafletMapPlugin.getCurrentMap();\nvar group = window.WPLeafletMapPlugin.getCurrentGroup();\nvar marker_options = window.WPLeafletMapPlugin.getIconOptions({});\nvar marker = L.marker(\n    [50.7079821542,6.07003211975],\n    marker_options\n);\nvar is_image = map.is_image_map;\nif (marker_options.draggable) {\n    marker.on('dragend', function () {\n        var latlng = this.getLatLng();\n        var lat = latlng.lat;\n        var lng = latlng.lng;\n        if (is_image) {\n            console.log('leaflet-marker y=' + lat + ' x=' + lng);\n        } else {\n            console.log('leaflet-marker lat=' + lat + ' lng=' + lng);\n        }\n    });\n}\nmarker.addTo( group );\nmarker.bindPopup(window.WPLeafletMapPlugin.unescape('Hauset, Kirchstrasse 128'));window.WPLeafletMapPlugin.markers.push( marker );\n        });<\/script><\/p>\n\n\n\n<p style=\"font-size:12px;text-align:center\">  D\u00e9part: Kirchstrasse 128 &#8211; la salle polyvalente en face de l\u2019\u00e9glise.  <\/p>\n\n\n\n<figure class=\"wp-block-image\"><img loading=\"lazy\" decoding=\"async\" width=\"1024\" height=\"768\" src=\"http:\/\/wanderclub-hauset.be\/wp-content\/uploads\/2019\/06\/IMG_2513-1024x768.jpg\" alt=\"\" class=\"wp-image-483\" srcset=\"http:\/\/wanderclub-hauset.be\/wp-content\/uploads\/2019\/06\/IMG_2513-1024x768.jpg 1024w, http:\/\/wanderclub-hauset.be\/wp-content\/uploads\/2019\/06\/IMG_2513-300x225.jpg 300w, http:\/\/wanderclub-hauset.be\/wp-content\/uploads\/2019\/06\/IMG_2513-768x576.jpg 768w\" sizes=\"auto, (max-width: 1024px) 100vw, 1024px\" \/><\/figure>\n","protected":false},"excerpt":{"rendered":"<p>Le village de Hauset fait partie de le commune de Raeren et de la partie germanophone de Belgique, situ\u00e9 entre Eupen et Aix-la-Chapelle (D) et&#8230;<\/p>\n<div class=\"more-link-wrapper\"><a class=\"more-link\" href=\"http:\/\/wanderclub-hauset.be\/fr\/lage\/\">Continue reading<span class=\"screen-reader-text\">Lieu<\/span><\/a><\/div>\n","protected":false},"author":1,"featured_media":0,"parent":0,"menu_order":0,"comment_status":"closed","ping_status":"closed","template":"","meta":{"footnotes":""},"class_list":["post-209","page","type-page","status-publish","hentry","entry"],"_links":{"self":[{"href":"http:\/\/wanderclub-hauset.be\/fr\/wp-json\/wp\/v2\/pages\/209","targetHints":{"allow":["GET"]}}],"collection":[{"href":"http:\/\/wanderclub-hauset.be\/fr\/wp-json\/wp\/v2\/pages"}],"about":[{"href":"http:\/\/wanderclub-hauset.be\/fr\/wp-json\/wp\/v2\/types\/page"}],"author":[{"embeddable":true,"href":"http:\/\/wanderclub-hauset.be\/fr\/wp-json\/wp\/v2\/users\/1"}],"replies":[{"embeddable":true,"href":"http:\/\/wanderclub-hauset.be\/fr\/wp-json\/wp\/v2\/comments?post=209"}],"version-history":[{"count":52,"href":"http:\/\/wanderclub-hauset.be\/fr\/wp-json\/wp\/v2\/pages\/209\/revisions"}],"predecessor-version":[{"id":539,"href":"http:\/\/wanderclub-hauset.be\/fr\/wp-json\/wp\/v2\/pages\/209\/revisions\/539"}],"wp:attachment":[{"href":"http:\/\/wanderclub-hauset.be\/fr\/wp-json\/wp\/v2\/media?parent=209"}],"curies":[{"name":"wp","href":"https:\/\/api.w.org\/{rel}","templated":true}]}}