{"id":288,"date":"2019-05-27T19:49:43","date_gmt":"2019-05-27T17:49:43","guid":{"rendered":"http:\/\/wanderclub-hauset.be\/?page_id=288"},"modified":"2019-06-10T21:27:13","modified_gmt":"2019-06-10T19:27:13","slug":"strecke1-goehlpromenade","status":"publish","type":"page","link":"http:\/\/wanderclub-hauset.be\/fr\/strecke1-goehlpromenade\/","title":{"rendered":"Promenade de la Gueule"},"content":{"rendered":"\n<p style=\"text-align:center\">Centre du village 5,5 km<\/p>\n\n\n\n<figure class=\"wp-block-image\"><img loading=\"lazy\" decoding=\"async\" width=\"1024\" height=\"666\" src=\"http:\/\/wanderclub-hauset.be\/wp-content\/uploads\/2019\/05\/Route1-1024x666.jpg\" alt=\"\" class=\"wp-image-302\" srcset=\"http:\/\/wanderclub-hauset.be\/wp-content\/uploads\/2019\/05\/Route1-1024x666.jpg 1024w, http:\/\/wanderclub-hauset.be\/wp-content\/uploads\/2019\/05\/Route1-300x195.jpg 300w, http:\/\/wanderclub-hauset.be\/wp-content\/uploads\/2019\/05\/Route1-768x499.jpg 768w\" sizes=\"auto, (max-width: 1024px) 100vw, 1024px\" \/><\/figure>\n\n\n\n<ol class=\"wp-block-list\"><li> D\u00e9part  \u00ab Treffpunkt  Hauset \u00bb . <\/li><li>La Maison \u00ab\u00a0Zur Geul\u00a0\u00bb seduit par son architecture typique pour la r\u00e9gion de Hauset par sa construction en pierre naturelle.<\/li><li>Par le pass\u00e9, r\u00e9servoir d&rsquo;eau pour l&rsquo;approvisionnement d&rsquo;une filature, l&rsquo;\u00e9tang de Hauset s&rsquo;est transform\u00e9 au fil des d\u00e9cennies en un biotope remarquable.<\/li><li>Silance et nature, air pur et ambiance sereine sont les caract\u00e9ristiques de chemins de promenade \u00e0 travers le \u00ab\u00a0Im Klickert\u00a0\u00bb.<\/li><li>A Hauset, l&rsquo;eau est un \u00e9l\u00e9ment naturel pr\u00e9serv\u00e9. A l&rsquo;\u00e9car des grands chemins, la Gueuele russelle \u00e0 travers le village. Au lieu-dit \u00ab\u00a0Klickert\u00a0\u00bb, une \u00e9troite passerelle joint les deux rives du ruisseau qui, aux Pays-Bas, se transforme en affluent de la Meuse.<\/li><li>Gr\u00e2ce \u00e0 l&rsquo;artiste peruvien internationalement connu Antonio Maro, l&rsquo;ancienne \u00ab\u00a0Villa Bohlen\u00a0\u00bb, par le pass\u00e9 demeure des fabricants de textile de Hauset, est devenu un lieu de rencontre culturel.<\/li><\/ol>\n","protected":false},"excerpt":{"rendered":"<p>Centre du village 5,5 km D\u00e9part \u00ab Treffpunkt Hauset \u00bb . La Maison \u00ab\u00a0Zur Geul\u00a0\u00bb seduit par son architecture typique pour la r\u00e9gion de Hauset&#8230;<\/p>\n<div class=\"more-link-wrapper\"><a class=\"more-link\" href=\"http:\/\/wanderclub-hauset.be\/fr\/strecke1-goehlpromenade\/\">Continue reading<span class=\"screen-reader-text\">Promenade de la Gueule<\/span><\/a><\/div>\n","protected":false},"author":1,"featured_media":0,"parent":0,"menu_order":0,"comment_status":"closed","ping_status":"closed","template":"","meta":{"footnotes":""},"class_list":["post-288","page","type-page","status-publish","hentry","entry"],"_links":{"self":[{"href":"http:\/\/wanderclub-hauset.be\/fr\/wp-json\/wp\/v2\/pages\/288","targetHints":{"allow":["GET"]}}],"collection":[{"href":"http:\/\/wanderclub-hauset.be\/fr\/wp-json\/wp\/v2\/pages"}],"about":[{"href":"http:\/\/wanderclub-hauset.be\/fr\/wp-json\/wp\/v2\/types\/page"}],"author":[{"embeddable":true,"href":"http:\/\/wanderclub-hauset.be\/fr\/wp-json\/wp\/v2\/users\/1"}],"replies":[{"embeddable":true,"href":"http:\/\/wanderclub-hauset.be\/fr\/wp-json\/wp\/v2\/comments?post=288"}],"version-history":[{"count":17,"href":"http:\/\/wanderclub-hauset.be\/fr\/wp-json\/wp\/v2\/pages\/288\/revisions"}],"predecessor-version":[{"id":449,"href":"http:\/\/wanderclub-hauset.be\/fr\/wp-json\/wp\/v2\/pages\/288\/revisions\/449"}],"wp:attachment":[{"href":"http:\/\/wanderclub-hauset.be\/fr\/wp-json\/wp\/v2\/media?parent=288"}],"curies":[{"name":"wp","href":"https:\/\/api.w.org\/{rel}","templated":true}]}}