{"id":304,"date":"2019-05-27T19:50:12","date_gmt":"2019-05-27T17:50:12","guid":{"rendered":"http:\/\/wanderclub-hauset.be\/?page_id=304"},"modified":"2019-06-10T21:34:12","modified_gmt":"2019-06-10T19:34:12","slug":"strecke2-rund-um-die-rochuskapelle","status":"publish","type":"page","link":"http:\/\/wanderclub-hauset.be\/fr\/strecke2-rund-um-die-rochuskapelle\/","title":{"rendered":"Chapelle Saint-Roch"},"content":{"rendered":"\n<p style=\"text-align:center\">  <br>Aux alentours de la chapelle Saint-Roch &#8211; 5,8 km <\/p>\n\n\n\n<figure class=\"wp-block-image\"><img loading=\"lazy\" decoding=\"async\" width=\"1024\" height=\"670\" src=\"http:\/\/wanderclub-hauset.be\/wp-content\/uploads\/2019\/05\/Route2-1024x670.jpg\" alt=\"\" class=\"wp-image-305\" srcset=\"http:\/\/wanderclub-hauset.be\/wp-content\/uploads\/2019\/05\/Route2-1024x670.jpg 1024w, http:\/\/wanderclub-hauset.be\/wp-content\/uploads\/2019\/05\/Route2-300x196.jpg 300w, http:\/\/wanderclub-hauset.be\/wp-content\/uploads\/2019\/05\/Route2-768x503.jpg 768w\" sizes=\"auto, (max-width: 1024px) 100vw, 1024px\" \/><\/figure>\n\n\n\n<ol class=\"wp-block-list\"><li>L&rsquo;aire de repos pr\u00e8s du chemin Gostert invite \u00e0  faire une pause pendant la  randonn\u00e9e.<\/li><li>Les \u00ab\u00a0Sieben Weiher\u00a0\u00bb, ici l&rsquo;\u00e9tang de p\u00eache \u00e0 la truite, forment un v\u00e9ritable havre de paix.<\/li><li>A quelques m\u00e8tres de la ferme \u00ab\u00a0Hagbenden\u00a0\u00bb passe le gas\u00e9 odue de Russie vers l&rsquo;Angleterre.<\/li><li>Vue de Hauseter Feld sur la val\u00e9 de la Gueule et le village.<\/li><li>la vieille croix en pierre lieu-dit \u00ab\u00a0Hausener Feld\u00a0\u00bb date de l&rsquo;ann\u00e9e 1757. Cette croix se situe le long d&rsquo;un ancien chemin reliant Eynatten \u00e0 Walhorn en passant par les hauteurs du Hauseter Feld.<\/li><li>L&rsquo;ancienne ferme \u00ab\u00a0Gut Gro\u00dfhaus\u00a0\u00bb pr\u00e9sente une particularit\u00e9: les \u00e9tables \u00e0 c\u00f4t\u00e9 de la maison d&rsquo;habitation \u00e0 \u00e9t\u00e9 construite avec les pierres d&rsquo;un ancien ch\u00e2teau entour\u00e9 de douves, aujourd&rsquo;hui disparu.<\/li><\/ol>\n","protected":false},"excerpt":{"rendered":"<p>Aux alentours de la chapelle Saint-Roch &#8211; 5,8 km L&rsquo;aire de repos pr\u00e8s du chemin Gostert invite \u00e0 faire une pause pendant la randonn\u00e9e. Les&#8230;<\/p>\n<div class=\"more-link-wrapper\"><a class=\"more-link\" href=\"http:\/\/wanderclub-hauset.be\/fr\/strecke2-rund-um-die-rochuskapelle\/\">Continue reading<span class=\"screen-reader-text\">Chapelle Saint-Roch<\/span><\/a><\/div>\n","protected":false},"author":1,"featured_media":0,"parent":0,"menu_order":0,"comment_status":"closed","ping_status":"closed","template":"","meta":{"footnotes":""},"class_list":["post-304","page","type-page","status-publish","hentry","entry"],"_links":{"self":[{"href":"http:\/\/wanderclub-hauset.be\/fr\/wp-json\/wp\/v2\/pages\/304","targetHints":{"allow":["GET"]}}],"collection":[{"href":"http:\/\/wanderclub-hauset.be\/fr\/wp-json\/wp\/v2\/pages"}],"about":[{"href":"http:\/\/wanderclub-hauset.be\/fr\/wp-json\/wp\/v2\/types\/page"}],"author":[{"embeddable":true,"href":"http:\/\/wanderclub-hauset.be\/fr\/wp-json\/wp\/v2\/users\/1"}],"replies":[{"embeddable":true,"href":"http:\/\/wanderclub-hauset.be\/fr\/wp-json\/wp\/v2\/comments?post=304"}],"version-history":[{"count":20,"href":"http:\/\/wanderclub-hauset.be\/fr\/wp-json\/wp\/v2\/pages\/304\/revisions"}],"predecessor-version":[{"id":450,"href":"http:\/\/wanderclub-hauset.be\/fr\/wp-json\/wp\/v2\/pages\/304\/revisions\/450"}],"wp:attachment":[{"href":"http:\/\/wanderclub-hauset.be\/fr\/wp-json\/wp\/v2\/media?parent=304"}],"curies":[{"name":"wp","href":"https:\/\/api.w.org\/{rel}","templated":true}]}}