{"id":314,"date":"2019-05-27T19:49:27","date_gmt":"2019-05-27T17:49:27","guid":{"rendered":"http:\/\/wanderclub-hauset.be\/?page_id=314"},"modified":"2025-02-27T13:33:49","modified_gmt":"2025-02-27T12:33:49","slug":"strecken","status":"publish","type":"page","link":"http:\/\/wanderclub-hauset.be\/fr\/strecken\/","title":{"rendered":"Parcours"},"content":{"rendered":"\n<p class=\"has-regular-font-size\">D\u00e9part et arriv\u00e9e de toutes les randon\u00e9es \u00e0 Hauset et aux alentours se situent au \u00ab\u00a0Treffpunkt  Hauset\u00a0\u00bb pr\u00e8s de <a href=\"http:\/\/wanderclub-hauset.be\/fr\/lage\">la salle polyvalente<\/a> en face de l&rsquo;\u00e9glise.<\/p>\n\n\n<div class=\"wp-block-image\">\n<figure class=\"aligncenter is-resized\"><img loading=\"lazy\" decoding=\"async\" width=\"1024\" height=\"681\" src=\"http:\/\/wanderclub-hauset.be\/wp-content\/uploads\/2019\/05\/Mehrzweckhale-1024x681.jpg\" alt=\"\" class=\"wp-image-293\" style=\"width:347px;height:230px\" srcset=\"http:\/\/wanderclub-hauset.be\/wp-content\/uploads\/2019\/05\/Mehrzweckhale-1024x681.jpg 1024w, http:\/\/wanderclub-hauset.be\/wp-content\/uploads\/2019\/05\/Mehrzweckhale-300x199.jpg 300w, http:\/\/wanderclub-hauset.be\/wp-content\/uploads\/2019\/05\/Mehrzweckhale-768x511.jpg 768w\" sizes=\"auto, (max-width: 1024px) 100vw, 1024px\" \/><\/figure><\/div>\n\n\n<figure class=\"wp-block-image size-large\"><img loading=\"lazy\" decoding=\"async\" width=\"1024\" height=\"424\" src=\"http:\/\/wanderclub-hauset.be\/wp-content\/uploads\/2025\/02\/Routen-4-1024x424.png\" alt=\"\" class=\"wp-image-764\" srcset=\"http:\/\/wanderclub-hauset.be\/wp-content\/uploads\/2025\/02\/Routen-4-1024x424.png 1024w, http:\/\/wanderclub-hauset.be\/wp-content\/uploads\/2025\/02\/Routen-4-300x124.png 300w, http:\/\/wanderclub-hauset.be\/wp-content\/uploads\/2025\/02\/Routen-4-768x318.png 768w, http:\/\/wanderclub-hauset.be\/wp-content\/uploads\/2025\/02\/Routen-4-1536x636.png 1536w, http:\/\/wanderclub-hauset.be\/wp-content\/uploads\/2025\/02\/Routen-4.png 1739w\" sizes=\"auto, (max-width: 1024px) 100vw, 1024px\" \/><\/figure>\n\n\n\n<figure class=\"wp-block-image size-full\"><img loading=\"lazy\" decoding=\"async\" width=\"706\" height=\"705\" src=\"http:\/\/wanderclub-hauset.be\/wp-content\/uploads\/2025\/02\/Hauset.png\" alt=\"\" class=\"wp-image-754\" srcset=\"http:\/\/wanderclub-hauset.be\/wp-content\/uploads\/2025\/02\/Hauset.png 706w, http:\/\/wanderclub-hauset.be\/wp-content\/uploads\/2025\/02\/Hauset-300x300.png 300w, http:\/\/wanderclub-hauset.be\/wp-content\/uploads\/2025\/02\/Hauset-150x150.png 150w\" sizes=\"auto, (max-width: 706px) 100vw, 706px\" \/><\/figure>\n","protected":false},"excerpt":{"rendered":"<p>D\u00e9part et arriv\u00e9e de toutes les randon\u00e9es \u00e0 Hauset et aux alentours se situent au \u00ab\u00a0Treffpunkt Hauset\u00a0\u00bb pr\u00e8s de la salle polyvalente en face de&#8230;<\/p>\n<div class=\"more-link-wrapper\"><a class=\"more-link\" href=\"http:\/\/wanderclub-hauset.be\/fr\/strecken\/\">Continue reading<span class=\"screen-reader-text\">Parcours<\/span><\/a><\/div>\n","protected":false},"author":1,"featured_media":0,"parent":0,"menu_order":0,"comment_status":"closed","ping_status":"closed","template":"","meta":{"footnotes":""},"class_list":["post-314","page","type-page","status-publish","hentry","entry"],"_links":{"self":[{"href":"http:\/\/wanderclub-hauset.be\/fr\/wp-json\/wp\/v2\/pages\/314","targetHints":{"allow":["GET"]}}],"collection":[{"href":"http:\/\/wanderclub-hauset.be\/fr\/wp-json\/wp\/v2\/pages"}],"about":[{"href":"http:\/\/wanderclub-hauset.be\/fr\/wp-json\/wp\/v2\/types\/page"}],"author":[{"embeddable":true,"href":"http:\/\/wanderclub-hauset.be\/fr\/wp-json\/wp\/v2\/users\/1"}],"replies":[{"embeddable":true,"href":"http:\/\/wanderclub-hauset.be\/fr\/wp-json\/wp\/v2\/comments?post=314"}],"version-history":[{"count":76,"href":"http:\/\/wanderclub-hauset.be\/fr\/wp-json\/wp\/v2\/pages\/314\/revisions"}],"predecessor-version":[{"id":767,"href":"http:\/\/wanderclub-hauset.be\/fr\/wp-json\/wp\/v2\/pages\/314\/revisions\/767"}],"wp:attachment":[{"href":"http:\/\/wanderclub-hauset.be\/fr\/wp-json\/wp\/v2\/media?parent=314"}],"curies":[{"name":"wp","href":"https:\/\/api.w.org\/{rel}","templated":true}]}}